{"id":1274,"date":"2026-03-10T07:26:31","date_gmt":"2026-03-10T07:26:31","guid":{"rendered":"http:\/\/swissdaily.ch\/contact\/"},"modified":"2026-03-17T15:41:57","modified_gmt":"2026-03-17T15:41:57","slug":"contact","status":"publish","type":"page","link":"https:\/\/swissdaily.ch\/de\/contact\/","title":{"rendered":"Contact"},"content":{"rendered":"\n<div class=\"wp-block-uagb-container uagb-block-3d1849e1 alignfull uagb-is-root-container\"><div class=\"uagb-container-inner-blocks-wrap\">\n<div class=\"wp-block-uagb-info-box uagb-block-9c4cc71c uagb-infobox__content-wrap  uagb-infobox-icon-above-title uagb-infobox-image-valign-top\"><div class=\"uagb-ifb-content\"><div class=\"uagb-ifb-title-wrap\"><div class=\"uagb-ifb-separator\"><\/div><h2 class=\"uagb-ifb-title\">Vous souhaitez joindre notre r\u00e9daction ?<\/h2><\/div><p class=\"uagb-ifb-desc\">Pour une question, un signalement, une proposition d\u2019article ou une demande professionnelle, utilisez le formulaire de contact ou \u00e9crivez-nous directement. Nous sommes \u00e0 votre disposition et vous r\u00e9pondrons d\u00e8s que possible.<\/p><\/div><\/div>\n\n\n<p>[sureforms id=&rsquo;2643&prime;]<\/p>\n<\/div><\/div>\n","protected":false},"excerpt":{"rendered":"","protected":false},"author":1,"featured_media":0,"parent":0,"menu_order":0,"comment_status":"closed","ping_status":"closed","template":"","meta":{"footnotes":""},"class_list":["post-1274","page","type-page","status-publish","hentry"],"blocksy_meta":[],"yoast_head":"<!-- This site is optimized with the Yoast SEO plugin v27.3 - https:\/\/yoast.com\/product\/yoast-seo-wordpress\/ -->\n<title>Contact - Swiss Daily<\/title>\n<meta name=\"robots\" content=\"index, follow, max-snippet:-1, max-image-preview:large, max-video-preview:-1\" \/>\n<link rel=\"canonical\" href=\"https:\/\/swissdaily.ch\/de\/contact\/\" \/>\n<meta property=\"og:locale\" content=\"de_DE\" \/>\n<meta property=\"og:type\" content=\"article\" \/>\n<meta property=\"og:title\" content=\"Contact - Swiss Daily\" \/>\n<meta property=\"og:url\" content=\"https:\/\/swissdaily.ch\/de\/contact\/\" \/>\n<meta property=\"og:site_name\" content=\"Swiss Daily\" \/>\n<meta property=\"article:modified_time\" content=\"2026-03-17T15:41:57+00:00\" \/>\n<meta name=\"twitter:card\" content=\"summary_large_image\" \/>\n<meta name=\"twitter:label1\" content=\"Gesch\u00e4tzte Lesezeit\" \/>\n\t<meta name=\"twitter:data1\" content=\"1\u00a0Minute\" \/>\n<script type=\"application\/ld+json\" class=\"yoast-schema-graph\">{\"@context\":\"https:\\\/\\\/schema.org\",\"@graph\":[{\"@type\":\"WebPage\",\"@id\":\"https:\\\/\\\/swissdaily.ch\\\/contact\\\/\",\"url\":\"https:\\\/\\\/swissdaily.ch\\\/contact\\\/\",\"name\":\"Contact - Swiss Daily\",\"isPartOf\":{\"@id\":\"https:\\\/\\\/swissdaily.ch\\\/#website\"},\"datePublished\":\"2026-03-10T07:26:31+00:00\",\"dateModified\":\"2026-03-17T15:41:57+00:00\",\"breadcrumb\":{\"@id\":\"https:\\\/\\\/swissdaily.ch\\\/contact\\\/#breadcrumb\"},\"inLanguage\":\"de-CH\",\"potentialAction\":[{\"@type\":\"ReadAction\",\"target\":[\"https:\\\/\\\/swissdaily.ch\\\/contact\\\/\"]}]},{\"@type\":\"BreadcrumbList\",\"@id\":\"https:\\\/\\\/swissdaily.ch\\\/contact\\\/#breadcrumb\",\"itemListElement\":[{\"@type\":\"ListItem\",\"position\":1,\"name\":\"Accueil\",\"item\":\"https:\\\/\\\/swissdaily.ch\\\/\"},{\"@type\":\"ListItem\",\"position\":2,\"name\":\"Contact\"}]},{\"@type\":\"WebSite\",\"@id\":\"https:\\\/\\\/swissdaily.ch\\\/#website\",\"url\":\"https:\\\/\\\/swissdaily.ch\\\/\",\"name\":\"Swiss Daily\",\"description\":\"\",\"publisher\":{\"@id\":\"https:\\\/\\\/swissdaily.ch\\\/#organization\"},\"potentialAction\":[{\"@type\":\"SearchAction\",\"target\":{\"@type\":\"EntryPoint\",\"urlTemplate\":\"https:\\\/\\\/swissdaily.ch\\\/?s={search_term_string}\"},\"query-input\":{\"@type\":\"PropertyValueSpecification\",\"valueRequired\":true,\"valueName\":\"search_term_string\"}}],\"inLanguage\":\"de-CH\"},{\"@type\":\"Organization\",\"@id\":\"https:\\\/\\\/swissdaily.ch\\\/#organization\",\"name\":\"Swiss Daily\",\"url\":\"https:\\\/\\\/swissdaily.ch\\\/\",\"logo\":{\"@type\":\"ImageObject\",\"inLanguage\":\"de-CH\",\"@id\":\"https:\\\/\\\/swissdaily.ch\\\/#\\\/schema\\\/logo\\\/image\\\/\",\"url\":\"https:\\\/\\\/swissdaily.ch\\\/wp-content\\\/uploads\\\/2026\\\/03\\\/Sans_titre-removebg-preview1.png\",\"contentUrl\":\"https:\\\/\\\/swissdaily.ch\\\/wp-content\\\/uploads\\\/2026\\\/03\\\/Sans_titre-removebg-preview1.png\",\"width\":500,\"height\":500,\"caption\":\"Swiss Daily\"},\"image\":{\"@id\":\"https:\\\/\\\/swissdaily.ch\\\/#\\\/schema\\\/logo\\\/image\\\/\"}}]}<\/script>\n<!-- \/ Yoast SEO plugin. -->","yoast_head_json":{"title":"Contact - Swiss Daily","robots":{"index":"index","follow":"follow","max-snippet":"max-snippet:-1","max-image-preview":"max-image-preview:large","max-video-preview":"max-video-preview:-1"},"canonical":"https:\/\/swissdaily.ch\/de\/contact\/","og_locale":"de_DE","og_type":"article","og_title":"Contact - Swiss Daily","og_url":"https:\/\/swissdaily.ch\/de\/contact\/","og_site_name":"Swiss Daily","article_modified_time":"2026-03-17T15:41:57+00:00","twitter_card":"summary_large_image","twitter_misc":{"Gesch\u00e4tzte Lesezeit":"1\u00a0Minute"},"schema":{"@context":"https:\/\/schema.org","@graph":[{"@type":"WebPage","@id":"https:\/\/swissdaily.ch\/contact\/","url":"https:\/\/swissdaily.ch\/contact\/","name":"Contact - Swiss Daily","isPartOf":{"@id":"https:\/\/swissdaily.ch\/#website"},"datePublished":"2026-03-10T07:26:31+00:00","dateModified":"2026-03-17T15:41:57+00:00","breadcrumb":{"@id":"https:\/\/swissdaily.ch\/contact\/#breadcrumb"},"inLanguage":"de-CH","potentialAction":[{"@type":"ReadAction","target":["https:\/\/swissdaily.ch\/contact\/"]}]},{"@type":"BreadcrumbList","@id":"https:\/\/swissdaily.ch\/contact\/#breadcrumb","itemListElement":[{"@type":"ListItem","position":1,"name":"Accueil","item":"https:\/\/swissdaily.ch\/"},{"@type":"ListItem","position":2,"name":"Contact"}]},{"@type":"WebSite","@id":"https:\/\/swissdaily.ch\/#website","url":"https:\/\/swissdaily.ch\/","name":"Swiss Daily","description":"","publisher":{"@id":"https:\/\/swissdaily.ch\/#organization"},"potentialAction":[{"@type":"SearchAction","target":{"@type":"EntryPoint","urlTemplate":"https:\/\/swissdaily.ch\/?s={search_term_string}"},"query-input":{"@type":"PropertyValueSpecification","valueRequired":true,"valueName":"search_term_string"}}],"inLanguage":"de-CH"},{"@type":"Organization","@id":"https:\/\/swissdaily.ch\/#organization","name":"Swiss Daily","url":"https:\/\/swissdaily.ch\/","logo":{"@type":"ImageObject","inLanguage":"de-CH","@id":"https:\/\/swissdaily.ch\/#\/schema\/logo\/image\/","url":"https:\/\/swissdaily.ch\/wp-content\/uploads\/2026\/03\/Sans_titre-removebg-preview1.png","contentUrl":"https:\/\/swissdaily.ch\/wp-content\/uploads\/2026\/03\/Sans_titre-removebg-preview1.png","width":500,"height":500,"caption":"Swiss Daily"},"image":{"@id":"https:\/\/swissdaily.ch\/#\/schema\/logo\/image\/"}}]}},"_links":{"self":[{"href":"https:\/\/swissdaily.ch\/de\/wp-json\/wp\/v2\/pages\/1274","targetHints":{"allow":["GET"]}}],"collection":[{"href":"https:\/\/swissdaily.ch\/de\/wp-json\/wp\/v2\/pages"}],"about":[{"href":"https:\/\/swissdaily.ch\/de\/wp-json\/wp\/v2\/types\/page"}],"author":[{"embeddable":true,"href":"https:\/\/swissdaily.ch\/de\/wp-json\/wp\/v2\/users\/1"}],"replies":[{"embeddable":true,"href":"https:\/\/swissdaily.ch\/de\/wp-json\/wp\/v2\/comments?post=1274"}],"version-history":[{"count":3,"href":"https:\/\/swissdaily.ch\/de\/wp-json\/wp\/v2\/pages\/1274\/revisions"}],"predecessor-version":[{"id":2709,"href":"https:\/\/swissdaily.ch\/de\/wp-json\/wp\/v2\/pages\/1274\/revisions\/2709"}],"wp:attachment":[{"href":"https:\/\/swissdaily.ch\/de\/wp-json\/wp\/v2\/media?parent=1274"}],"curies":[{"name":"wp","href":"https:\/\/api.w.org\/{rel}","templated":true}]}}