{"id":3,"date":"2026-03-10T07:25:45","date_gmt":"2026-03-10T07:25:45","guid":{"rendered":"http:\/\/swissdaily.ch\/?page_id=3"},"modified":"2026-03-16T14:53:12","modified_gmt":"2026-03-16T14:53:12","slug":"privacy-policy","status":"publish","type":"page","link":"https:\/\/swissdaily.ch\/de\/privacy-policy\/","title":{"rendered":"Impressum"},"content":{"rendered":"<h2 class=\"wp-block-heading\">1. \u00c9diteur du site<\/h2>\n\n\n\n<p>Le site <strong>Swissdaily<\/strong> est un m\u00e9dia d\u2019information en ligne consacr\u00e9 \u00e0 l\u2019actualit\u00e9 suisse et internationale, couvrant notamment les domaines de la politique, de l\u2019\u00e9conomie, de la soci\u00e9t\u00e9, de la technologie et de la culture.<\/p>\n\n\n\n<p>\u00c9diteur :<br><strong>Swissdaily<\/strong><\/p>\n\n\n\n<p>Responsable de la publication :<br>R\u00e9daction Swissdaily<\/p>\n\n\n\n<p>Contact :<br><a>contact@swissdaily.ch<\/a><\/p>\n\n\n\n<hr class=\"wp-block-separator has-alpha-channel-opacity\"\/>\n\n\n\n<h2 class=\"wp-block-heading\">2. Propri\u00e9t\u00e9 intellectuelle<\/h2>\n\n\n\n<p>L\u2019ensemble des contenus pr\u00e9sents sur le site <strong>Swissdaily<\/strong>, incluant notamment les articles, textes, images, illustrations, graphismes, logos, vid\u00e9os et \u00e9l\u00e9ments multim\u00e9dias, sont prot\u00e9g\u00e9s par les lois suisses et internationales relatives \u00e0 la propri\u00e9t\u00e9 intellectuelle.<\/p>\n\n\n\n<p>Toute reproduction, repr\u00e9sentation, diffusion ou exploitation, totale ou partielle, des contenus du site est interdite sans autorisation pr\u00e9alable.<\/p>\n\n\n\n<hr class=\"wp-block-separator has-alpha-channel-opacity\"\/>\n\n\n\n<h2 class=\"wp-block-heading\">3. Responsabilit\u00e9<\/h2>\n\n\n\n<p>Swissdaily s\u2019efforce de fournir des informations aussi fiables et pr\u00e9cises que possible. Toutefois, les informations diffus\u00e9es sur le site sont fournies \u00e0 titre indicatif et peuvent \u00eatre modifi\u00e9es \u00e0 tout moment.<\/p>\n\n\n\n<p>Swissdaily ne peut \u00eatre tenu responsable d\u2019\u00e9ventuelles erreurs, omissions ou d\u2019une indisponibilit\u00e9 temporaire du site.<\/p>\n\n\n\n<hr class=\"wp-block-separator has-alpha-channel-opacity\"\/>\n\n\n\n<h2 class=\"wp-block-heading\">4. Liens externes<\/h2>\n\n\n\n<p>Le site Swissdaily peut contenir des liens vers des sites externes. Swissdaily n\u2019exerce aucun contr\u00f4le sur ces sites et ne peut \u00eatre tenu responsable de leur contenu.<\/p>\n\n\n\n<hr class=\"wp-block-separator has-alpha-channel-opacity\"\/>\n\n\n\n<h2 class=\"wp-block-heading\">5. Protection des donn\u00e9es<\/h2>\n\n\n\n<p>Swissdaily s\u2019engage \u00e0 respecter la confidentialit\u00e9 des donn\u00e9es personnelles conform\u00e9ment \u00e0 la <strong>Loi f\u00e9d\u00e9rale suisse sur la protection des donn\u00e9es (LPD)<\/strong>.<\/p>\n\n\n\n<p>Les informations \u00e9ventuellement collect\u00e9es via le site sont utilis\u00e9es uniquement pour am\u00e9liorer les services propos\u00e9s et ne sont pas vendues \u00e0 des tiers.<\/p>\n\n\n\n<hr class=\"wp-block-separator has-alpha-channel-opacity\"\/>\n\n\n\n<h2 class=\"wp-block-heading\">6. Droit applicable<\/h2>\n\n\n\n<p>Les pr\u00e9sentes mentions l\u00e9gales sont r\u00e9gies par le droit suisse.<\/p>\n\n\n\n<p>En cas de litige, les tribunaux comp\u00e9tents seront ceux du canton de Gen\u00e8ve.<\/p>","protected":false},"excerpt":{"rendered":"<p>1. \u00c9diteur du site Le site Swissdaily est un m\u00e9dia d\u2019information en ligne consacr\u00e9 \u00e0 l\u2019actualit\u00e9 suisse et internationale, couvrant notamment les domaines de la politique, de l\u2019\u00e9conomie, de la soci\u00e9t\u00e9, de la technologie et de la culture. \u00c9diteur :Swissdaily Responsable de la publication :R\u00e9daction Swissdaily Contact :contact@swissdaily.ch 2. Propri\u00e9t\u00e9 intellectuelle L\u2019ensemble des contenus pr\u00e9sents [&hellip;]<\/p>\n","protected":false},"author":1,"featured_media":0,"parent":0,"menu_order":0,"comment_status":"closed","ping_status":"open","template":"","meta":{"footnotes":""},"class_list":["post-3","page","type-page","status-publish","hentry"],"blocksy_meta":[],"yoast_head":"<!-- This site is optimized with the Yoast SEO plugin v27.3 - https:\/\/yoast.com\/product\/yoast-seo-wordpress\/ -->\n<title>Mentions L\u00e9gales - Swiss Daily<\/title>\n<meta name=\"robots\" content=\"index, follow, max-snippet:-1, max-image-preview:large, max-video-preview:-1\" \/>\n<link rel=\"canonical\" href=\"https:\/\/swissdaily.ch\/de\/privacy-policy\/\" \/>\n<meta property=\"og:locale\" content=\"de_DE\" \/>\n<meta property=\"og:type\" content=\"article\" \/>\n<meta property=\"og:title\" content=\"Mentions L\u00e9gales - Swiss Daily\" \/>\n<meta property=\"og:description\" content=\"1. \u00c9diteur du site Le site Swissdaily est un m\u00e9dia d\u2019information en ligne consacr\u00e9 \u00e0 l\u2019actualit\u00e9 suisse et internationale, couvrant notamment les domaines de la politique, de l\u2019\u00e9conomie, de la soci\u00e9t\u00e9, de la technologie et de la culture. \u00c9diteur :Swissdaily Responsable de la publication :R\u00e9daction Swissdaily Contact :contact@swissdaily.ch 2. Propri\u00e9t\u00e9 intellectuelle L\u2019ensemble des contenus pr\u00e9sents [&hellip;]\" \/>\n<meta property=\"og:url\" content=\"https:\/\/swissdaily.ch\/de\/privacy-policy\/\" \/>\n<meta property=\"og:site_name\" content=\"Swiss Daily\" \/>\n<meta property=\"article:modified_time\" content=\"2026-03-16T14:53:12+00:00\" \/>\n<meta name=\"twitter:card\" content=\"summary_large_image\" \/>\n<meta name=\"twitter:label1\" content=\"Gesch\u00e4tzte Lesezeit\" \/>\n\t<meta name=\"twitter:data1\" content=\"2\u00a0Minuten\" \/>\n<script type=\"application\/ld+json\" class=\"yoast-schema-graph\">{\"@context\":\"https:\\\/\\\/schema.org\",\"@graph\":[{\"@type\":\"WebPage\",\"@id\":\"https:\\\/\\\/swissdaily.ch\\\/privacy-policy\\\/\",\"url\":\"https:\\\/\\\/swissdaily.ch\\\/privacy-policy\\\/\",\"name\":\"Mentions L\u00e9gales - Swiss Daily\",\"isPartOf\":{\"@id\":\"https:\\\/\\\/swissdaily.ch\\\/#website\"},\"datePublished\":\"2026-03-10T07:25:45+00:00\",\"dateModified\":\"2026-03-16T14:53:12+00:00\",\"breadcrumb\":{\"@id\":\"https:\\\/\\\/swissdaily.ch\\\/privacy-policy\\\/#breadcrumb\"},\"inLanguage\":\"de-CH\",\"potentialAction\":[{\"@type\":\"ReadAction\",\"target\":[\"https:\\\/\\\/swissdaily.ch\\\/privacy-policy\\\/\"]}]},{\"@type\":\"BreadcrumbList\",\"@id\":\"https:\\\/\\\/swissdaily.ch\\\/privacy-policy\\\/#breadcrumb\",\"itemListElement\":[{\"@type\":\"ListItem\",\"position\":1,\"name\":\"Accueil\",\"item\":\"https:\\\/\\\/swissdaily.ch\\\/\"},{\"@type\":\"ListItem\",\"position\":2,\"name\":\"Mentions L\u00e9gales\"}]},{\"@type\":\"WebSite\",\"@id\":\"https:\\\/\\\/swissdaily.ch\\\/#website\",\"url\":\"https:\\\/\\\/swissdaily.ch\\\/\",\"name\":\"Swiss Daily\",\"description\":\"\",\"publisher\":{\"@id\":\"https:\\\/\\\/swissdaily.ch\\\/#organization\"},\"potentialAction\":[{\"@type\":\"SearchAction\",\"target\":{\"@type\":\"EntryPoint\",\"urlTemplate\":\"https:\\\/\\\/swissdaily.ch\\\/?s={search_term_string}\"},\"query-input\":{\"@type\":\"PropertyValueSpecification\",\"valueRequired\":true,\"valueName\":\"search_term_string\"}}],\"inLanguage\":\"de-CH\"},{\"@type\":\"Organization\",\"@id\":\"https:\\\/\\\/swissdaily.ch\\\/#organization\",\"name\":\"Swiss Daily\",\"url\":\"https:\\\/\\\/swissdaily.ch\\\/\",\"logo\":{\"@type\":\"ImageObject\",\"inLanguage\":\"de-CH\",\"@id\":\"https:\\\/\\\/swissdaily.ch\\\/#\\\/schema\\\/logo\\\/image\\\/\",\"url\":\"https:\\\/\\\/swissdaily.ch\\\/wp-content\\\/uploads\\\/2026\\\/03\\\/Sans_titre-removebg-preview1.png\",\"contentUrl\":\"https:\\\/\\\/swissdaily.ch\\\/wp-content\\\/uploads\\\/2026\\\/03\\\/Sans_titre-removebg-preview1.png\",\"width\":500,\"height\":500,\"caption\":\"Swiss Daily\"},\"image\":{\"@id\":\"https:\\\/\\\/swissdaily.ch\\\/#\\\/schema\\\/logo\\\/image\\\/\"}}]}<\/script>\n<!-- \/ Yoast SEO plugin. -->","yoast_head_json":{"title":"Mentions L\u00e9gales - Swiss Daily","robots":{"index":"index","follow":"follow","max-snippet":"max-snippet:-1","max-image-preview":"max-image-preview:large","max-video-preview":"max-video-preview:-1"},"canonical":"https:\/\/swissdaily.ch\/de\/privacy-policy\/","og_locale":"de_DE","og_type":"article","og_title":"Mentions L\u00e9gales - Swiss Daily","og_description":"1. \u00c9diteur du site Le site Swissdaily est un m\u00e9dia d\u2019information en ligne consacr\u00e9 \u00e0 l\u2019actualit\u00e9 suisse et internationale, couvrant notamment les domaines de la politique, de l\u2019\u00e9conomie, de la soci\u00e9t\u00e9, de la technologie et de la culture. \u00c9diteur :Swissdaily Responsable de la publication :R\u00e9daction Swissdaily Contact :contact@swissdaily.ch 2. Propri\u00e9t\u00e9 intellectuelle L\u2019ensemble des contenus pr\u00e9sents [&hellip;]","og_url":"https:\/\/swissdaily.ch\/de\/privacy-policy\/","og_site_name":"Swiss Daily","article_modified_time":"2026-03-16T14:53:12+00:00","twitter_card":"summary_large_image","twitter_misc":{"Gesch\u00e4tzte Lesezeit":"2\u00a0Minuten"},"schema":{"@context":"https:\/\/schema.org","@graph":[{"@type":"WebPage","@id":"https:\/\/swissdaily.ch\/privacy-policy\/","url":"https:\/\/swissdaily.ch\/privacy-policy\/","name":"Mentions L\u00e9gales - Swiss Daily","isPartOf":{"@id":"https:\/\/swissdaily.ch\/#website"},"datePublished":"2026-03-10T07:25:45+00:00","dateModified":"2026-03-16T14:53:12+00:00","breadcrumb":{"@id":"https:\/\/swissdaily.ch\/privacy-policy\/#breadcrumb"},"inLanguage":"de-CH","potentialAction":[{"@type":"ReadAction","target":["https:\/\/swissdaily.ch\/privacy-policy\/"]}]},{"@type":"BreadcrumbList","@id":"https:\/\/swissdaily.ch\/privacy-policy\/#breadcrumb","itemListElement":[{"@type":"ListItem","position":1,"name":"Accueil","item":"https:\/\/swissdaily.ch\/"},{"@type":"ListItem","position":2,"name":"Mentions L\u00e9gales"}]},{"@type":"WebSite","@id":"https:\/\/swissdaily.ch\/#website","url":"https:\/\/swissdaily.ch\/","name":"Swiss Daily","description":"","publisher":{"@id":"https:\/\/swissdaily.ch\/#organization"},"potentialAction":[{"@type":"SearchAction","target":{"@type":"EntryPoint","urlTemplate":"https:\/\/swissdaily.ch\/?s={search_term_string}"},"query-input":{"@type":"PropertyValueSpecification","valueRequired":true,"valueName":"search_term_string"}}],"inLanguage":"de-CH"},{"@type":"Organization","@id":"https:\/\/swissdaily.ch\/#organization","name":"Swiss Daily","url":"https:\/\/swissdaily.ch\/","logo":{"@type":"ImageObject","inLanguage":"de-CH","@id":"https:\/\/swissdaily.ch\/#\/schema\/logo\/image\/","url":"https:\/\/swissdaily.ch\/wp-content\/uploads\/2026\/03\/Sans_titre-removebg-preview1.png","contentUrl":"https:\/\/swissdaily.ch\/wp-content\/uploads\/2026\/03\/Sans_titre-removebg-preview1.png","width":500,"height":500,"caption":"Swiss Daily"},"image":{"@id":"https:\/\/swissdaily.ch\/#\/schema\/logo\/image\/"}}]}},"_links":{"self":[{"href":"https:\/\/swissdaily.ch\/de\/wp-json\/wp\/v2\/pages\/3","targetHints":{"allow":["GET"]}}],"collection":[{"href":"https:\/\/swissdaily.ch\/de\/wp-json\/wp\/v2\/pages"}],"about":[{"href":"https:\/\/swissdaily.ch\/de\/wp-json\/wp\/v2\/types\/page"}],"author":[{"embeddable":true,"href":"https:\/\/swissdaily.ch\/de\/wp-json\/wp\/v2\/users\/1"}],"replies":[{"embeddable":true,"href":"https:\/\/swissdaily.ch\/de\/wp-json\/wp\/v2\/comments?post=3"}],"version-history":[{"count":1,"href":"https:\/\/swissdaily.ch\/de\/wp-json\/wp\/v2\/pages\/3\/revisions"}],"predecessor-version":[{"id":2680,"href":"https:\/\/swissdaily.ch\/de\/wp-json\/wp\/v2\/pages\/3\/revisions\/2680"}],"wp:attachment":[{"href":"https:\/\/swissdaily.ch\/de\/wp-json\/wp\/v2\/media?parent=3"}],"curies":[{"name":"wp","href":"https:\/\/api.w.org\/{rel}","templated":true}]}}